{"id":17645,"date":"2018-06-15T13:02:42","date_gmt":"2018-06-15T13:02:42","guid":{"rendered":"https:\/\/www.impresosycomunicaciones.com\/v3\/?page_id=17645"},"modified":"2024-01-10T09:02:51","modified_gmt":"2024-01-10T14:02:51","slug":"home-7","status":"publish","type":"page","link":"https:\/\/www.impresosycomunicaciones.com\/v3\/","title":{"rendered":"Home 7"},"content":{"rendered":"<p>[vc_row full_width=&#8221;stretch_row_content_no_spaces&#8221; equal_height=&#8221;yes&#8221; content_placement=&#8221;top&#8221; css=&#8221;.vc_custom_1660681329618{margin-top: -75px !important;}&#8221;][vc_column width=&#8221;1\/2&#8243; css=&#8221;.vc_custom_1660681416445{background-color: #bf0125 !important;}&#8221;]<div id=\"1660681321217-170d29fa-125f\" class=\"dt-sc-empty-space\"><\/div><div class='dt-sc-title with-two-border dt-sc-no-border aligncenter'><h4>Quienes somos<\/h4><\/div><div class=\"ult-spacer spacer-69ea262236ba7\" data-id=\"69ea262236ba7\" data-height=\"30\" data-height-mobile=\"20\" data-height-tab=\"\" data-height-tab-portrait=\"\" data-height-mobile-landscape=\"20\" style=\"clear:both;display:block;\"><\/div>[vc_row_inner][vc_column_inner width=&#8221;1\/4&#8243; offset=&#8221;vc_col-lg-offset-0 vc_col-lg-3 vc_col-md-offset-0 vc_col-md-1&#8243;][\/vc_column_inner][vc_column_inner width=&#8221;1\/2&#8243; offset=&#8221;vc_col-lg-offset-0 vc_col-lg-6 vc_col-md-offset-0 vc_col-md-10&#8243;][vc_custom_heading text=&#8221;Nos destacamos por realizar un gran trabajo y desarrollar proyectos de alto nivel con estrategias modernas, atendemos la necesidad de nuestros clientes contando con una agencia especializada en servicios de dise\u00f1o, publicidad, marketing, posicionamiento estrat\u00e9gico y<br \/>\nreconocimiento de marca.&#8221; font_container=&#8221;tag:h6|text_align:center|color:%23ffffff|line_height:36px&#8221; use_theme_fonts=&#8221;yes&#8221; el_class=&#8221;light-weight&#8221;][\/vc_column_inner][vc_column_inner width=&#8221;1\/4&#8243; offset=&#8221;vc_col-lg-offset-0 vc_col-lg-3 vc_col-md-offset-0 vc_col-md-1&#8243;][\/vc_column_inner][\/vc_row_inner][vc_row_inner el_class=&#8221;aligncenter&#8221;][vc_column_inner]<div class=\"ult-spacer spacer-69ea262236bb4\" data-id=\"69ea262236bb4\" data-height=\"30\" data-height-mobile=\"10\" data-height-tab=\"\" data-height-tab-portrait=\"\" data-height-mobile-landscape=\"10\" style=\"clear:both;display:block;\"><\/div><a href='https:\/\/www.impresosycomunicaciones.com\/v3\/sobre-nosotros\/' target='_self' title='VER MAS' class='dt-sc-button   xlarge icon-right with-icon  filled  rounded-corner black' > Ver mas <span class='fa fa-long-arrow-right'> <\/span><\/a><div id=\"1531111506738-75db1261-5165\" class=\"dt-sc-empty-space\"><\/div>[\/vc_column_inner][\/vc_row_inner][\/vc_column][vc_column width=&#8221;1\/2&#8243; css=&#8221;.vc_custom_1660681431385{background-color: #004c72 !important;}&#8221;]<div id=\"1660681316747-39719181-5ebd\" class=\"dt-sc-empty-space\"><\/div><div class='dt-sc-title with-two-border dt-sc-no-border aligncenter'><h4>Profesionalismo<\/h4><\/div><div class=\"ult-spacer spacer-69ea262236c17\" data-id=\"69ea262236c17\" data-height=\"30\" data-height-mobile=\"20\" data-height-tab=\"\" data-height-tab-portrait=\"\" data-height-mobile-landscape=\"20\" style=\"clear:both;display:block;\"><\/div>[vc_row_inner][vc_column_inner width=&#8221;1\/4&#8243; offset=&#8221;vc_col-lg-offset-0 vc_col-lg-3 vc_col-md-offset-0 vc_col-md-1&#8243;][\/vc_column_inner][vc_column_inner width=&#8221;1\/2&#8243; offset=&#8221;vc_col-lg-offset-0 vc_col-lg-6 vc_col-md-offset-0 vc_col-md-10&#8243;][vc_custom_heading text=&#8221;Somos un grupo interdisciplinar donde cada miembro aporta lo mejor de su conocimiento para alcanzar los objetivos de nuestros proyectos, Manejamos altos est\u00e1ndares en cada uno de los procesos, tanto en la concepci\u00f3n de la idea como en la ejecuci\u00f3n de la misma.&#8221; font_container=&#8221;tag:h6|text_align:center|color:%23ffffff|line_height:36px&#8221; use_theme_fonts=&#8221;yes&#8221; el_class=&#8221;light-weight&#8221;][\/vc_column_inner][vc_column_inner width=&#8221;1\/4&#8243; offset=&#8221;vc_col-lg-offset-0 vc_col-lg-3 vc_col-md-offset-0 vc_col-md-1&#8243;][\/vc_column_inner][\/vc_row_inner][vc_row_inner el_class=&#8221;aligncenter&#8221;][vc_column_inner]<div class=\"ult-spacer spacer-69ea262236c21\" data-id=\"69ea262236c21\" data-height=\"30\" data-height-mobile=\"10\" data-height-tab=\"\" data-height-tab-portrait=\"\" data-height-mobile-landscape=\"10\" style=\"clear:both;display:block;\"><\/div><a href='https:\/\/www.impresosycomunicaciones.com\/v3\/contactenos\/' target='_self' title='Contact Us' class='dt-sc-button   xlarge icon-right with-icon  filled  rounded-corner white' > Cont\u00e1ctenos <span class='fa fa-long-arrow-right'> <\/span><\/a>[\/vc_column_inner][\/vc_row_inner]<div id=\"1531111652747-3cb905e8-ac35\" class=\"dt-sc-empty-space\"><\/div>[\/vc_column][\/vc_row][vc_row full_width=&#8221;stretch_row_content_no_spaces&#8221; equal_height=&#8221;yes&#8221; content_placement=&#8221;middle&#8221; el_class=&#8221;dt-sc-carousel&#8221; css=&#8221;.vc_custom_1531111672847{background-color: #f7f7f7 !important;}&#8221;][vc_column width=&#8221;1\/3&#8243; css=&#8221;.vc_custom_1531118106504{padding-right: 10% !important;padding-left: 10% !important;}&#8221; el_class=&#8221;rs_col-sm-12&#8243; offset=&#8221;vc_col-lg-offset-0 vc_col-lg-4 vc_col-md-offset-0 vc_col-md-6 vc_col-sm-offset-0&#8243;]<div id=\"1531111896299-f8af3c2b-5b4a\" class=\"dt-sc-empty-space\"><\/div><div class='dt-sc-title with-two-border dt-sc-no-border'><h4>Creatividad<\/h4><\/div>[vc_custom_heading text=&#8221;Creamos universos visuales, dialogamos, jugamos, inventamos soluciones innovadoras que le aportan al mundo.&#8221; font_container=&#8221;tag:h6|text_align:left|line_height:36px&#8221; use_theme_fonts=&#8221;yes&#8221; el_class=&#8221;light-weight&#8221;]<div class=\"ult-spacer spacer-69ea262236c57\" data-id=\"69ea262236c57\" data-height=\"30\" data-height-mobile=\"10\" data-height-tab=\"0\" data-height-tab-portrait=\"\" data-height-mobile-landscape=\"10\" style=\"clear:both;display:block;\"><\/div>[vc_single_image image=&#8221;18870&#8243; img_size=&#8221;full&#8221; alignment=&#8221;center&#8221;]<div class=\"ult-spacer spacer-69ea262236c60\" data-id=\"69ea262236c60\" data-height=\"30\" data-height-mobile=\"10\" data-height-tab=\"0\" data-height-tab-portrait=\"\" data-height-mobile-landscape=\"10\" style=\"clear:both;display:block;\"><\/div><a href='https:\/\/www.impresosycomunicaciones.com\/v3\/servicios\/' target='_self' title='Sevicios' class='dt-sc-button   xlarge icon-right with-icon  filled  rounded-corner' > Ver mas <span class='fa fa-long-arrow-right'> <\/span><\/a><div id=\"1531111908068-513435aa-e44b\" class=\"dt-sc-empty-space\"><\/div>[\/vc_column][vc_column width=&#8221;2\/3&#8243; el_class=&#8221;rs_col-sm-12&#8243; offset=&#8221;vc_col-lg-offset-0 vc_col-lg-8 vc_col-md-offset-0 vc_col-md-6 vc_col-sm-offset-0&#8243;]<div id=\"ult-carousel-15824404169ea262236d04\" class=\"ult-carousel-wrapper  vc_custom_1529131085556  ult_horizontal\" data-gutter=\"15\" data-rtl=\"false\" ><div class=\"ult-carousel-390775971069ea262236c8b \" >[vc_single_image image=&#8221;18873&#8243; img_size=&#8221;full&#8221;][vc_single_image image=&#8221;18875&#8243; img_size=&#8221;full&#8221;]<\/div><\/div>\t\t\t<script type=\"text\/javascript\">\r\n\t\t\t\tjQuery(document).ready(function ($) {\r\n\t\t\t\t\tif( typeof jQuery('.ult-carousel-390775971069ea262236c8b').slick == \"function\"){\r\n\t\t\t\t\t\t$('.ult-carousel-390775971069ea262236c8b').slick({dots: true,autoplay: true,autoplaySpeed: 5000,speed: 300,infinite: true,arrows: false,slidesToScroll:1,slidesToShow:1,swipe: true,draggable: true,touchMove: true,pauseOnHover: true,pauseOnFocus: false,responsive: [\r\n\t\t\t\t\t\t\t{\r\n\t\t\t\t\t\t\t  breakpoint: 1026,\r\n\t\t\t\t\t\t\t  settings: {\r\n\t\t\t\t\t\t\t\tslidesToShow: 1,\r\n\t\t\t\t\t\t\t\tslidesToScroll: 1,  \r\n\t\t\t\t\t\t\t  }\r\n\t\t\t\t\t\t\t},\r\n\t\t\t\t\t\t\t{\r\n\t\t\t\t\t\t\t  breakpoint: 1025,\r\n\t\t\t\t\t\t\t  settings: {\r\n\t\t\t\t\t\t\t\tslidesToShow: 1,\r\n\t\t\t\t\t\t\t\tslidesToScroll: 1\r\n\t\t\t\t\t\t\t  }\r\n\t\t\t\t\t\t\t},\r\n\t\t\t\t\t\t\t{\r\n\t\t\t\t\t\t\t  breakpoint: 760,\r\n\t\t\t\t\t\t\t  settings: {\r\n\t\t\t\t\t\t\t\tslidesToShow: 1,\r\n\t\t\t\t\t\t\t\tslidesToScroll: 1\r\n\t\t\t\t\t\t\t  }\r\n\t\t\t\t\t\t\t}\r\n\t\t\t\t\t\t],pauseOnDotsHover: true,customPaging: function(slider, i) {\r\n                   return '<i type=\"button\" style= \"color:#ffffff;\" class=\"ultsl-record\" data-role=\"none\"><\/i>';\r\n                },});\r\n\t\t\t\t\t}\r\n\t\t\t\t});\r\n\t\t\t<\/script>\r\n\t\t\t[\/vc_column][\/vc_row][vc_section full_width=&#8221;stretch_row&#8221; css=&#8221;.vc_custom_1529132820533{background-color: #f5f5f5 !important;}&#8221;][vc_row][vc_column]<div id=\"1524035381731-5918752d-9461\" class=\"dt-sc-empty-space\"><\/div>[\/vc_column][\/vc_row][vc_row full_width=&#8221;stretch_row&#8221;][vc_column]<div class='dt-sc-title with-two-border dt-sc-no-border aligncenter'><h2>Portafolio<\/h2><\/div><div id=\"1528981828191-ebcb6ecd-c98b\" class=\"dt-sc-empty-space\"><\/div>[vc_row_inner][vc_column_inner width=&#8221;1\/6&#8243; offset=&#8221;vc_hidden-xs&#8221;][\/vc_column_inner][vc_column_inner width=&#8221;2\/3&#8243;][vc_custom_heading text=&#8221;En Impresos&amp; Co., desarrollamos estrategias integrales para la personalizaci\u00f3n de espacios, utilizando conceptos s\u00f3lidos como base de todo y una incre\u00edble variedad de materiales y herramientas.&#8221; font_container=&#8221;tag:h5|text_align:center|line_height:40px&#8221; use_theme_fonts=&#8221;yes&#8221; el_class=&#8221;light-weight&#8221;][\/vc_column_inner][vc_column_inner width=&#8221;1\/6&#8243; offset=&#8221;vc_hidden-xs&#8221;][\/vc_column_inner][\/vc_row_inner]<div id=\"1529665943341-cddfa14a-b2bd\" class=\"dt-sc-empty-space\"><\/div>[\/vc_column][\/vc_row][vc_row full_width=&#8221;stretch_row_content&#8221; css=&#8221;.vc_custom_1529666233781{padding-right: 10% !important;padding-left: 10% !important;}&#8221;][vc_column][vc_row_inner][vc_column_inner width=&#8221;1\/3&#8243;]<div id=\"dt_portfolios-18362\" class=\"portfolio type3\">\t<figure>\t\t<img src=\"https:\/\/www.impresosycomunicaciones.com\/v3\/wp-content\/uploads\/2018\/06\/Servicio3_-scaled.jpg\" alt=\"Vinilo Adhesivo\" title=\"Vinilo Adhesivo\"\/>\t\t<div class=\"image-overlay\"><div class=\"links\"><a title=\"Vinilo Adhesivo\" href=\"https:\/\/www.impresosycomunicaciones.com\/v3\/dt_portfolios\/vinilo-adhesivo\/\">Vinilo Adhesivo<\/a><\/div>\t\t<\/div>\t<\/figure><\/div>[\/vc_column_inner][vc_column_inner width=&#8221;1\/3&#8243;]<div id=\"dt_portfolios-18366\" class=\"portfolio type3\">\t<figure>\t\t<img src=\"https:\/\/www.impresosycomunicaciones.com\/v3\/wp-content\/uploads\/2018\/06\/Servicio1_-scaled.jpg\" alt=\"Composici\u00f3n ambiental\" title=\"Composici\u00f3n ambiental\"\/>\t\t<div class=\"image-overlay\"><div class=\"links\"><a title=\"Composici\u00f3n ambiental\" href=\"https:\/\/www.impresosycomunicaciones.com\/v3\/dt_portfolios\/composicion-ambiental\/\">Composici\u00f3n ambiental<\/a><\/div>\t\t<\/div>\t<\/figure><\/div>[\/vc_column_inner][vc_column_inner width=&#8221;1\/3&#8243;]<div id=\"dt_portfolios-18367\" class=\"portfolio type3\">\t<figure>\t\t<img src=\"https:\/\/www.impresosycomunicaciones.com\/v3\/wp-content\/uploads\/2018\/06\/Servicio2_-scaled.jpg\" alt=\"Muro en vinilo laminado\" title=\"Muro en vinilo laminado\"\/>\t\t<div class=\"image-overlay\"><div class=\"links\"><a title=\"Muro en vinilo laminado\" href=\"https:\/\/www.impresosycomunicaciones.com\/v3\/dt_portfolios\/muro-en-vinilo-laminado\/\">Muro en vinilo laminado<\/a><\/div>\t\t<\/div>\t<\/figure><\/div>[\/vc_column_inner][\/vc_row_inner][vc_row_inner][vc_column_inner el_class=&#8221;aligncenter&#8221;]<div id=\"1529665922390-d341c9a0-1a47\" class=\"dt-sc-empty-space\"><\/div><a href='https:\/\/www.impresosycomunicaciones.com\/v3\/nuestros-trabajos\/' target='_self' title='' class='dt-sc-button   xlarge icon-right with-icon  filled  rounded-corner' > Ver mas <span class='fa fa-long-arrow-right'> <\/span><\/a>[\/vc_column_inner][\/vc_row_inner]<div id=\"1529665922490-f898f72a-070e\" class=\"dt-sc-empty-space\"><\/div>[\/vc_column][\/vc_row][vc_row full_width=&#8221;stretch_row_content&#8221; disable_element=&#8221;yes&#8221; css=&#8221;.vc_custom_1530265702542{padding-right: 10% !important;padding-left: 10% !important;}&#8221;][vc_column][vc_row_inner][vc_column_inner width=&#8221;1\/3&#8243;]<div class='dt-sc-image-caption  '><div class='dt-sc-image-wrapper'><img width=\"768\" height=\"768\" src=\"https:\/\/www.impresosycomunicaciones.com\/v3\/wp-content\/uploads\/2018\/06\/img23.jpg\" class=\"attachment-full\" alt=\"\" loading=\"lazy\" title=\"img23\" srcset=\"https:\/\/www.impresosycomunicaciones.com\/v3\/wp-content\/uploads\/2018\/06\/img23.jpg 768w, https:\/\/www.impresosycomunicaciones.com\/v3\/wp-content\/uploads\/2018\/06\/img23-150x150.jpg 150w, https:\/\/www.impresosycomunicaciones.com\/v3\/wp-content\/uploads\/2018\/06\/img23-300x300.jpg 300w, https:\/\/www.impresosycomunicaciones.com\/v3\/wp-content\/uploads\/2018\/06\/img23-750x750.jpg 750w, https:\/\/www.impresosycomunicaciones.com\/v3\/wp-content\/uploads\/2018\/06\/img23-540x540.jpg 540w, https:\/\/www.impresosycomunicaciones.com\/v3\/wp-content\/uploads\/2018\/06\/img23-600x600.jpg 600w, https:\/\/www.impresosycomunicaciones.com\/v3\/wp-content\/uploads\/2018\/06\/img23-100x100.jpg 100w\" sizes=\"(max-width: 768px) 100vw, 768px\" \/><\/div><div class='dt-sc-image-content'><div class='dt-sc-image-title'><h3>Mauris interdum sapien<\/h3><h6>Malesuada erat ut turpis<\/h6><\/div><p><\/p><\/div><\/div>[\/vc_column_inner][vc_column_inner width=&#8221;1\/3&#8243;]<div class='dt-sc-image-caption  '><div class='dt-sc-image-wrapper'><img width=\"768\" height=\"768\" src=\"https:\/\/www.impresosycomunicaciones.com\/v3\/wp-content\/uploads\/2018\/06\/img22.jpg\" class=\"attachment-full\" alt=\"\" loading=\"lazy\" title=\"img22\" srcset=\"https:\/\/www.impresosycomunicaciones.com\/v3\/wp-content\/uploads\/2018\/06\/img22.jpg 768w, https:\/\/www.impresosycomunicaciones.com\/v3\/wp-content\/uploads\/2018\/06\/img22-150x150.jpg 150w, https:\/\/www.impresosycomunicaciones.com\/v3\/wp-content\/uploads\/2018\/06\/img22-300x300.jpg 300w, https:\/\/www.impresosycomunicaciones.com\/v3\/wp-content\/uploads\/2018\/06\/img22-750x750.jpg 750w, https:\/\/www.impresosycomunicaciones.com\/v3\/wp-content\/uploads\/2018\/06\/img22-540x540.jpg 540w, https:\/\/www.impresosycomunicaciones.com\/v3\/wp-content\/uploads\/2018\/06\/img22-600x600.jpg 600w, https:\/\/www.impresosycomunicaciones.com\/v3\/wp-content\/uploads\/2018\/06\/img22-100x100.jpg 100w\" sizes=\"(max-width: 768px) 100vw, 768px\" \/><\/div><div class='dt-sc-image-content'><div class='dt-sc-image-title'><h3>Porttitor tellus<\/h3><h6>Malesuada erat ut turpis<\/h6><\/div><p><\/p><\/div><\/div>[\/vc_column_inner][vc_column_inner width=&#8221;1\/3&#8243;]<div class='dt-sc-image-caption  '><div class='dt-sc-image-wrapper'><img width=\"768\" height=\"768\" src=\"https:\/\/www.impresosycomunicaciones.com\/v3\/wp-content\/uploads\/2018\/06\/img21-1.jpg\" class=\"attachment-full\" alt=\"\" loading=\"lazy\" title=\"img21\" srcset=\"https:\/\/www.impresosycomunicaciones.com\/v3\/wp-content\/uploads\/2018\/06\/img21-1.jpg 768w, https:\/\/www.impresosycomunicaciones.com\/v3\/wp-content\/uploads\/2018\/06\/img21-1-150x150.jpg 150w, https:\/\/www.impresosycomunicaciones.com\/v3\/wp-content\/uploads\/2018\/06\/img21-1-300x300.jpg 300w, https:\/\/www.impresosycomunicaciones.com\/v3\/wp-content\/uploads\/2018\/06\/img21-1-750x750.jpg 750w, https:\/\/www.impresosycomunicaciones.com\/v3\/wp-content\/uploads\/2018\/06\/img21-1-540x540.jpg 540w, https:\/\/www.impresosycomunicaciones.com\/v3\/wp-content\/uploads\/2018\/06\/img21-1-600x600.jpg 600w, https:\/\/www.impresosycomunicaciones.com\/v3\/wp-content\/uploads\/2018\/06\/img21-1-100x100.jpg 100w\" sizes=\"(max-width: 768px) 100vw, 768px\" \/><\/div><div class='dt-sc-image-content'><div class='dt-sc-image-title'><h3>Mauris interdum sapien<\/h3><h6>Erat ut turpis malesuada<\/h6><\/div><p><\/p><\/div><\/div>[\/vc_column_inner][\/vc_row_inner][vc_row_inner][vc_column_inner el_class=&#8221;aligncenter&#8221;]<div id=\"1530265694994-499306f8-9efa\" class=\"dt-sc-empty-space\"><\/div><a href='#' target='_self' title='Contact Us' class='dt-sc-button   xlarge icon-right with-icon  filled  rounded-corner' > Find out how <span class='fa fa-long-arrow-right'> <\/span><\/a>[\/vc_column_inner][\/vc_row_inner]<div id=\"1530265695079-902f936a-9afd\" class=\"dt-sc-empty-space\"><\/div>[\/vc_column][\/vc_row][\/vc_section][vc_row full_width=&#8221;stretch_row&#8221; bg_type=&#8221;image&#8221; parallax_style=&#8221;vcpb-vz-jquery&#8221; bg_image_new=&#8221;id^19086|url^https:\/\/www.impresosycomunicaciones.com\/v3\/wp-content\/uploads\/2022\/08\/Clientes-public.jpg|caption^null|alt^null|title^Clientes-public|description^null&#8221; enable_overlay=&#8221;enable_overlay_value&#8221; overlay_color=&#8221;rgba(0,0,0,0.8)&#8221; el_class=&#8221;dt-sc-bquote-main&#8221;][vc_column width=&#8221;1\/2&#8243; el_class=&#8221;rs_col-sm-8&#8243;][vc_row_inner el_class=&#8221;dt-sc-bquote dt-sc-light-bg&#8221; css=&#8221;.vc_custom_1531112179541{padding-right: 10% !important;padding-left: 10% !important;background-color: #f7f7f7 !important;}&#8221;][vc_column_inner]<div id=\"1531112183467-3f0a47b4-6e0b\" class=\"dt-sc-empty-space\"><\/div>[vc_custom_heading text=&#8221;#Clientes&#8221; use_theme_fonts=&#8221;yes&#8221;]<div class=\"ult-spacer spacer-69ea26223800a\" data-id=\"69ea26223800a\" data-height=\"30\" data-height-mobile=\"30\" data-height-tab=\"30\" data-height-tab-portrait=\"\" data-height-mobile-landscape=\"\" style=\"clear:both;display:block;\"><\/div><div id=\"ult-carousel-121722158269ea262238024\" class=\"ult-carousel-wrapper   ult_horizontal\" data-gutter=\"15\" data-rtl=\"false\" ><div class=\"ult-carousel-304027912369ea262238019 \" ><div class=\"ult-item-wrap\" data-animation=\"animated no-animation\"><blockquote class='type1 ' ><q>Distintiva es una empresa muy interesante para desarrollar proyectos. Escucharon nuestro plan de, nos dieron su punto de vista en funci\u00f3n de su experiencia, y a partir de ah\u00ed replanteamos el proyecto.<\/q><cite>&ndash; Armando <span>Herrera<\/span><\/cite><\/blockquote><\/div><div class=\"ult-item-wrap\" data-animation=\"animated no-animation\"><blockquote class='type1 ' ><q>Creativos que supieron captar perfectamente la idea de lo que quer\u00edamos hacer. Intuitivos porque con una idea que les trasladamos supieron ampliar y trasladar al trabajo que han desempe\u00f1ado.<\/q><cite>&ndash; Karen <span>Lopez<\/span><\/cite><\/blockquote><\/div><div class=\"ult-item-wrap\" data-animation=\"animated no-animation\"><blockquote class='type1 ' ><q>El dise\u00f1o se ajusta totalmente a lo que buscamos. Una imagen atractiva y limpia en un dise\u00f1o funcional, c\u00f3modo e intuitivo. Todo con una atenci\u00f3n personalizada gracias a la cual se han podido entender las necesidades.<\/q><cite>&ndash; Hernan <span>Rinc\u00f3n<\/span><\/cite><\/blockquote><\/div><\/div><\/div>\t\t\t<script type=\"text\/javascript\">\r\n\t\t\t\tjQuery(document).ready(function ($) {\r\n\t\t\t\t\tif( typeof jQuery('.ult-carousel-304027912369ea262238019').slick == \"function\"){\r\n\t\t\t\t\t\t$('.ult-carousel-304027912369ea262238019').slick({dots: false,autoplay: true,autoplaySpeed: 5000,speed: 300,infinite: true,arrows: false,slidesToScroll:1,slidesToShow:1,swipe: true,draggable: true,touchMove: true,pauseOnHover: true,pauseOnFocus: false,responsive: [\r\n\t\t\t\t\t\t\t{\r\n\t\t\t\t\t\t\t  breakpoint: 1026,\r\n\t\t\t\t\t\t\t  settings: {\r\n\t\t\t\t\t\t\t\tslidesToShow: 1,\r\n\t\t\t\t\t\t\t\tslidesToScroll: 1,  \r\n\t\t\t\t\t\t\t  }\r\n\t\t\t\t\t\t\t},\r\n\t\t\t\t\t\t\t{\r\n\t\t\t\t\t\t\t  breakpoint: 1025,\r\n\t\t\t\t\t\t\t  settings: {\r\n\t\t\t\t\t\t\t\tslidesToShow: 1,\r\n\t\t\t\t\t\t\t\tslidesToScroll: 1\r\n\t\t\t\t\t\t\t  }\r\n\t\t\t\t\t\t\t},\r\n\t\t\t\t\t\t\t{\r\n\t\t\t\t\t\t\t  breakpoint: 760,\r\n\t\t\t\t\t\t\t  settings: {\r\n\t\t\t\t\t\t\t\tslidesToShow: 1,\r\n\t\t\t\t\t\t\t\tslidesToScroll: 1\r\n\t\t\t\t\t\t\t  }\r\n\t\t\t\t\t\t\t}\r\n\t\t\t\t\t\t],pauseOnDotsHover: true,customPaging: function(slider, i) {\r\n                   return '<i type=\"button\" style= \"color:#333333;\" class=\"ultsl-record\" data-role=\"none\"><\/i>';\r\n                },});\r\n\t\t\t\t\t}\r\n\t\t\t\t});\r\n\t\t\t<\/script>\r\n\t\t\t<div id=\"1531112201211-9d5c59e0-377e\" class=\"dt-sc-empty-space\"><\/div>[\/vc_column_inner][\/vc_row_inner][\/vc_column][vc_column width=&#8221;1\/2&#8243;][\/vc_column][\/vc_row][vc_row full_width=&#8221;stretch_row&#8221; el_class=&#8221;dt-sc-dark-bg dt-skin-secondary-bg dt-sc-custom-newsletter&#8221;][vc_column]<div id=\"1524314598642-b8c79754-32ad\" class=\"dt-sc-empty-space\"><\/div><div id=\"1529140204577-7be1ffca-c886\" class=\"dt-sc-empty-space\"><\/div>[vc_row_inner][vc_column_inner width=&#8221;1\/6&#8243;][\/vc_column_inner][vc_column_inner width=&#8221;2\/3&#8243;]<div class='dt-sc-newsletter-section type6 '><h2>Bolet\u00edn de suscripci\u00f3n<\/h2><p>Suscr\u00edbase para recibir las \u00faltimas noticias y actualizaciones de nosotros<\/p><form class=\"dt-sc-subscribe-frm\" name=\"frmsubscribe\" action=\"#\" method=\"post\"><input type='email' name='dt_mc_emailid' required='required' placeholder='Su Correo electr\u00f3nico'><input type='hidden' name='dt_mc_apikey' value='' \/><input type='hidden' name='dt_mc_listid' value='' \/><input type='submit' name='mc_submit' value='Suscr\u00edbete Ya!'><\/form><div class=\"dt_ajax_subscribe_msg\"><\/div><\/div>[\/vc_column_inner][vc_column_inner width=&#8221;1\/6&#8243;][\/vc_column_inner][\/vc_row_inner]<div id=\"1530189499151-30ae8ecf-26fd\" class=\"dt-sc-empty-space\"><\/div>[\/vc_column][\/vc_row]<\/p>\n","protected":false},"excerpt":{"rendered":"<p>[vc_row full_width=&#8221;stretch_row_content_no_spaces&#8221; equal_height=&#8221;yes&#8221; content_placement=&#8221;top&#8221; css=&#8221;.vc_custom_1660681329618{margin-top: -75px !important;}&#8221;][vc_column width=&#8221;1\/2&#8243; css=&#8221;.vc_custom_1660681416445{background-color: #bf0125 !important;}&#8221;][vc_row_inner][vc_column_inner width=&#8221;1\/4&#8243; offset=&#8221;vc_col-lg-offset-0 vc_col-lg-3 vc_col-md-offset-0 vc_col-md-1&#8243;][\/vc_column_inner][vc_column_inner width=&#8221;1\/2&#8243; offset=&#8221;vc_col-lg-offset-0 vc_col-lg-6 vc_col-md-offset-0 vc_col-md-10&#8243;][vc_custom_heading text=&#8221;Nos destacamos por realizar un gran trabajo y desarrollar proyectos de alto nivel con estrategias modernas, atendemos la necesidad de nuestros clientes contando con una agencia especializada en servicios de dise\u00f1o, publicidad, marketing, posicionamiento [&hellip;]<\/p>\n","protected":false},"author":1,"featured_media":0,"parent":0,"menu_order":0,"comment_status":"closed","ping_status":"closed","template":"","meta":{"_joinchat":[]},"_links":{"self":[{"href":"https:\/\/www.impresosycomunicaciones.com\/v3\/wp-json\/wp\/v2\/pages\/17645"}],"collection":[{"href":"https:\/\/www.impresosycomunicaciones.com\/v3\/wp-json\/wp\/v2\/pages"}],"about":[{"href":"https:\/\/www.impresosycomunicaciones.com\/v3\/wp-json\/wp\/v2\/types\/page"}],"author":[{"embeddable":true,"href":"https:\/\/www.impresosycomunicaciones.com\/v3\/wp-json\/wp\/v2\/users\/1"}],"replies":[{"embeddable":true,"href":"https:\/\/www.impresosycomunicaciones.com\/v3\/wp-json\/wp\/v2\/comments?post=17645"}],"version-history":[{"count":37,"href":"https:\/\/www.impresosycomunicaciones.com\/v3\/wp-json\/wp\/v2\/pages\/17645\/revisions"}],"predecessor-version":[{"id":19152,"href":"https:\/\/www.impresosycomunicaciones.com\/v3\/wp-json\/wp\/v2\/pages\/17645\/revisions\/19152"}],"wp:attachment":[{"href":"https:\/\/www.impresosycomunicaciones.com\/v3\/wp-json\/wp\/v2\/media?parent=17645"}],"curies":[{"name":"wp","href":"https:\/\/api.w.org\/{rel}","templated":true}]}}