{"id":8066,"date":"2016-03-29T09:37:58","date_gmt":"2016-03-29T09:37:58","guid":{"rendered":"http:\/\/wpresources.vedicthemes.com\/?page_id=8066"},"modified":"2022-09-30T09:32:41","modified_gmt":"2022-09-30T14:32:41","slug":"servicios","status":"publish","type":"page","link":"https:\/\/www.impresosycomunicaciones.com\/v3\/servicios\/","title":{"rendered":"Servicios"},"content":{"rendered":"<p>[vc_section css=&#8221;.vc_custom_1524741136271{margin-top: -35px !important;}&#8221;][vc_row][vc_column]<div id=\"1524035381731-5918752d-9461\" class=\"dt-sc-empty-space\"><\/div>[\/vc_column][\/vc_row][vc_row][vc_column]<div class='dt-sc-title with-two-border aligncenter'><h2>Nuestros Servicios<\/h2><\/div>[vc_row_inner][vc_column_inner width=&#8221;1\/6&#8243; offset=&#8221;vc_hidden-xs&#8221;][\/vc_column_inner][vc_column_inner width=&#8221;2\/3&#8243;][vc_custom_heading text=&#8221;Desde un concepto inicial hasta su aplicaci\u00f3n final, IMPRESOS &amp; CO ofrece una completa gama de servicios en publicidad, mercadeo y audiovisual profesional, acordes con cada una de las necesidades de nuestros clientes.&#8221; font_container=&#8221;tag:p|text_align:center&#8221; use_theme_fonts=&#8221;yes&#8221;][\/vc_column_inner][vc_column_inner width=&#8221;1\/6&#8243; offset=&#8221;vc_hidden-xs&#8221;][\/vc_column_inner][\/vc_row_inner][\/vc_column][\/vc_row][vc_row][vc_column offset=&#8221;vc_hidden-xs&#8221;]<div id=\"1524035732335-bdba866f-8d4d\" class=\"dt-sc-empty-space\"><\/div>[\/vc_column][\/vc_row][vc_row][vc_column][vc_row_inner][vc_column_inner el_class=&#8221;rs_col-sm-8&#8243; width=&#8221;1\/3&#8243; offset=&#8221;vc_col-lg-offset-0 vc_col-md-offset-0 vc_col-sm-offset-2&#8243;][vc_single_image image=&#8221;19134&#8243; img_size=&#8221;full&#8221; alignment=&#8221;center&#8221;][vc_custom_heading text=&#8221;AMBIENTACIONES DE BRANDING&#8221; font_container=&#8221;tag:h2|font_size:15|text_align:left|color:%23000000&#8243; google_fonts=&#8221;font_family:Lato%3A100%2C100italic%2C300%2C300italic%2Cregular%2Citalic%2C700%2C700italic%2C900%2C900italic|font_style:700%20bold%20regular%3A700%3Anormal&#8221;][vc_column_text]<\/p>\n<p style=\"text-align: justify;\">Desarrollamos estrategias integrales para la personalizaci\u00f3n de espacios, utilizando conceptos s\u00f3lidos como base de todo y una incre\u00edble variedad de materiales y herramientas.<\/p>\n<p>[\/vc_column_text]<div id=\"1524741035843-68d5744f-9171\" class=\"dt-sc-empty-space\"><\/div>[\/vc_column_inner][vc_column_inner el_class=&#8221;rs_col-sm-8&#8243; width=&#8221;1\/3&#8243; offset=&#8221;vc_col-lg-offset-0 vc_col-md-offset-0 vc_col-sm-offset-2&#8243;][vc_single_image image=&#8221;19136&#8243; img_size=&#8221;full&#8221; alignment=&#8221;center&#8221;][vc_custom_heading text=&#8221;AMBIENTACIONES EXTERNAS&#8221; font_container=&#8221;tag:h2|font_size:15|text_align:left|color:%23000000&#8243; google_fonts=&#8221;font_family:Lato%3A100%2C100italic%2C300%2C300italic%2Cregular%2Citalic%2C700%2C700italic%2C900%2C900italic|font_style:700%20bold%20regular%3A700%3Anormal&#8221;][vc_column_text]<\/p>\n<p style=\"text-align: justify;\">Avisos en acr\u00edlico iluminado, acantonerado o plano, avisos met\u00e1licos, bastidores con iluminaci\u00f3n interna, estructuras con banner tenzado y m\u00e1s!<\/p>\n<p>[\/vc_column_text]<div id=\"1524741038142-1adab6fc-bae9\" class=\"dt-sc-empty-space\"><\/div>[\/vc_column_inner][vc_column_inner el_class=&#8221;rs_col-sm-8&#8243; width=&#8221;1\/3&#8243; offset=&#8221;vc_col-lg-offset-0 vc_col-md-offset-0 vc_col-sm-offset-2&#8243;][vc_single_image image=&#8221;19138&#8243; img_size=&#8221;full&#8221; alignment=&#8221;center&#8221;][vc_custom_heading text=&#8221;ESTRUCTURAS MET\u00c1LICAS Y MOBILIARIO&#8221; font_container=&#8221;tag:h2|font_size:15|text_align:left|color:%23000000&#8243; google_fonts=&#8221;font_family:Lato%3A100%2C100italic%2C300%2C300italic%2Cregular%2Citalic%2C700%2C700italic%2C900%2C900italic|font_style:700%20bold%20regular%3A700%3Anormal&#8221;][vc_column_text]Somos especialistas en la construcci\u00f3n de estructuras publicitarias. Bastidores, rompetr\u00e1ficos, muebles o\u00a0stand entre otros.[\/vc_column_text]<div id=\"1661180373875-4d8c06eb-363e\" class=\"dt-sc-empty-space\"><\/div>[\/vc_column_inner][\/vc_row_inner]<div id=\"1524654285811-caee2ed8-566c\" class=\"dt-sc-empty-space\"><\/div>[vc_row_inner][vc_column_inner el_class=&#8221;rs_col-sm-8&#8243; width=&#8221;1\/3&#8243; offset=&#8221;vc_col-lg-offset-0 vc_col-md-offset-0 vc_col-sm-offset-2&#8243;][vc_single_image image=&#8221;19140&#8243; img_size=&#8221;full&#8221; alignment=&#8221;center&#8221;][vc_custom_heading text=&#8221;IMPRESI\u00d3N OFFSET&#8221; font_container=&#8221;tag:h2|font_size:15|text_align:left|color:%23000000&#8243; google_fonts=&#8221;font_family:Lato%3A100%2C100italic%2C300%2C300italic%2Cregular%2Citalic%2C700%2C700italic%2C900%2C900italic|font_style:700%20bold%20regular%3A700%3Anormal&#8221;][vc_column_text]<\/p>\n<p style=\"text-align: justify;\">Nuestros equipos procesan una amplia gama de sustratos, desde papeles muy delgados para impresi\u00f3n de textos o peri\u00f3dicos, hasta cartones para empaques y plegadizas. Con velocidades de hasta 15.000 pliegos \/ hora y un bajo consumo de energ\u00eda.<\/p>\n<p>[\/vc_column_text]<div id=\"1524741041122-a0eb00f3-fd38\" class=\"dt-sc-empty-space\"><\/div>[\/vc_column_inner][vc_column_inner el_class=&#8221;rs_col-sm-8&#8243; width=&#8221;1\/3&#8243; offset=&#8221;vc_col-lg-offset-0 vc_col-md-offset-0 vc_col-sm-offset-2&#8243;][vc_single_image image=&#8221;19142&#8243; img_size=&#8221;full&#8221; alignment=&#8221;center&#8221;][vc_custom_heading text=&#8221;MANEJO DE ACR\u00cdLICO&#8221; font_container=&#8221;tag:h2|font_size:15|text_align:left|color:%23000000&#8243; google_fonts=&#8221;font_family:Lato%3A100%2C100italic%2C300%2C300italic%2Cregular%2Citalic%2C700%2C700italic%2C900%2C900italic|font_style:700%20bold%20regular%3A700%3Anormal&#8221;][vc_column_text]<\/p>\n<p style=\"text-align: justify;\">Ingeniamos piezas en acr\u00edlico que para algunos podr\u00edan parecer una completa locura. Formas, luces, texturas y colores.<\/p>\n<p>[\/vc_column_text]<div id=\"1524741014659-23051366-046b\" class=\"dt-sc-empty-space\"><\/div>[\/vc_column_inner][vc_column_inner el_class=&#8221;rs_col-sm-8&#8243; width=&#8221;1\/3&#8243; offset=&#8221;vc_col-lg-offset-0 vc_col-md-offset-0 vc_col-sm-offset-2&#8243;][vc_single_image image=&#8221;19143&#8243; img_size=&#8221;full&#8221; alignment=&#8221;center&#8221;][vc_custom_heading text=&#8221;MERCHANDISING&#8221; font_container=&#8221;tag:h2|font_size:15|text_align:left|color:%23000000&#8243; google_fonts=&#8221;font_family:Lato%3A100%2C100italic%2C300%2C300italic%2Cregular%2Citalic%2C700%2C700italic%2C900%2C900italic|font_style:700%20bold%20regular%3A700%3Anormal&#8221;][vc_column_text]<\/p>\n<p style=\"text-align: justify;\">Contamos con una amplia gama de productos promocionales para tu marca, con nosotros encontrar\u00e1s variedad de art\u00edculos para promocionarte.<\/p>\n<p>[\/vc_column_text]<div id=\"1661180465864-141350f1-dc48\" class=\"dt-sc-empty-space\"><\/div>[\/vc_column_inner][\/vc_row_inner][vc_row_inner][vc_column_inner el_class=&#8221;rs_col-sm-8&#8243; width=&#8221;1\/3&#8243; offset=&#8221;vc_col-lg-offset-0 vc_col-md-offset-0 vc_col-sm-offset-2&#8243;][vc_single_image image=&#8221;19145&#8243; img_size=&#8221;full&#8221; alignment=&#8221;center&#8221;][vc_custom_heading text=&#8221;VALLAS PUBLICITARIAS&#8221; font_container=&#8221;tag:h2|font_size:15|text_align:left|color:%23000000&#8243; google_fonts=&#8221;font_family:Lato%3A100%2C100italic%2C300%2C300italic%2Cregular%2Citalic%2C700%2C700italic%2C900%2C900italic|font_style:700%20bold%20regular%3A700%3Anormal&#8221;][vc_column_text]<\/p>\n<p style=\"text-align: justify;\">Dise\u00f1amos, construimos e instalamos cualquier tipo de valla exterior o interior.<\/p>\n<p>[\/vc_column_text]<div id=\"1664548196303-a2203274-9255\" class=\"dt-sc-empty-space\"><\/div>[\/vc_column_inner][vc_column_inner el_class=&#8221;rs_col-sm-8&#8243; width=&#8221;1\/3&#8243; offset=&#8221;vc_col-lg-offset-0 vc_col-md-offset-0 vc_col-sm-offset-2&#8243;][vc_single_image image=&#8221;19146&#8243; img_size=&#8221;full&#8221; alignment=&#8221;center&#8221;][vc_custom_heading text=&#8221;DOTACIONES&#8221; font_container=&#8221;tag:h2|font_size:15|text_align:left|color:%23000000&#8243; google_fonts=&#8221;font_family:Lato%3A100%2C100italic%2C300%2C300italic%2Cregular%2Citalic%2C700%2C700italic%2C900%2C900italic|font_style:700%20bold%20regular%3A700%3Anormal&#8221;][vc_column_text]<\/p>\n<p style=\"text-align: justify;\">Manejamos las mejores prendas para dotaci\u00f3n y las personalizamos acorde a su empresa<\/p>\n<p>[\/vc_column_text]<div id=\"1664548196388-c183b167-9619\" class=\"dt-sc-empty-space\"><\/div>[\/vc_column_inner][vc_column_inner el_class=&#8221;rs_col-sm-8&#8243; width=&#8221;1\/3&#8243; offset=&#8221;vc_col-lg-offset-0 vc_col-md-offset-0 vc_col-sm-offset-2&#8243;][\/vc_column_inner][\/vc_row_inner][\/vc_column][\/vc_row][\/vc_section][vc_row full_width=&#8221;stretch_row_content_no_spaces&#8221; disable_element=&#8221;yes&#8221;][vc_column]<div id=\"ult-carousel-82462817069ea41daee982\" class=\"ult-carousel-wrapper  vc_custom_1524677531177  ult_full_width\" data-gutter=\"0\" data-rtl=\"false\" ><div class=\"ult-carousel-281519525169ea41daee8e4 \" >[vc_row_inner][vc_column_inner]<div class=\"ult-item-wrap\" data-animation=\"animated no-animation\"><div class=\"dt-sc-testimonial-wrapper\"><div class='dt-sc-testimonial type1 '><div class=\"dt-sc-testimonial-author\"><span><img width=\"75\" height=\"75\" src=\"https:\/\/www.impresosycomunicaciones.com\/v3\/wp-content\/uploads\/2018\/04\/client1.jpg\" class=\"attachment-full\" alt=\"client1\" loading=\"lazy\" title=\"client1\" \/><\/span><cite>Chris Benaite<\/cite><\/div><div class=\"dt-sc-testimonial-quote\"><blockquote><q>In enim justo, rhoncus ut, imperdiet a, venenatis vitae, justo. Nullam dictum felis eu pede mollis pretium. Integer tincidunt. Cras dapibus.<\/q><\/blockquote><\/div><\/div><\/div><\/div>[\/vc_column_inner][\/vc_row_inner][vc_row_inner][vc_column_inner]<div class=\"ult-item-wrap\" data-animation=\"animated no-animation\"><div class=\"dt-sc-testimonial-wrapper\"><div class='dt-sc-testimonial type1 '><div class=\"dt-sc-testimonial-author\"><span><img width=\"75\" height=\"75\" src=\"https:\/\/www.impresosycomunicaciones.com\/v3\/wp-content\/uploads\/2018\/04\/client1.jpg\" class=\"attachment-full\" alt=\"client1\" loading=\"lazy\" title=\"client1\" \/><\/span><cite>Chris Benaite<\/cite><\/div><div class=\"dt-sc-testimonial-quote\"><blockquote><q>In enim justo, rhoncus ut, imperdiet a, venenatis vitae, justo. Nullam dictum felis eu pede mollis pretium. Integer tincidunt. Cras dapibus.<\/q><\/blockquote><\/div><\/div><\/div><\/div>[\/vc_column_inner][\/vc_row_inner][vc_row_inner][vc_column_inner]<div class=\"ult-item-wrap\" data-animation=\"animated no-animation\"><div class=\"dt-sc-testimonial-wrapper\"><div class='dt-sc-testimonial type1 '><div class=\"dt-sc-testimonial-author\"><span><img width=\"75\" height=\"75\" src=\"https:\/\/www.impresosycomunicaciones.com\/v3\/wp-content\/uploads\/2018\/04\/client1.jpg\" class=\"attachment-full\" alt=\"client1\" loading=\"lazy\" title=\"client1\" \/><\/span><cite>Chris Benaite<\/cite><\/div><div class=\"dt-sc-testimonial-quote\"><blockquote><q>In enim justo, rhoncus ut, imperdiet a, venenatis vitae, justo. Nullam dictum felis eu pede mollis pretium. Integer tincidunt. Cras dapibus.<\/q><\/blockquote><\/div><\/div><\/div><\/div>[\/vc_column_inner][\/vc_row_inner]<\/div><\/div>\t\t\t<script type=\"text\/javascript\">\r\n\t\t\t\tjQuery(document).ready(function ($) {\r\n\t\t\t\t\tif( typeof jQuery('.ult-carousel-281519525169ea41daee8e4').slick == \"function\"){\r\n\t\t\t\t\t\t$('.ult-carousel-281519525169ea41daee8e4').slick({dots: false,autoplaySpeed: 5000,speed: 300,infinite: false,arrows: false,slidesToScroll:3,slidesToShow:3,swipe: true,draggable: true,touchMove: true,pauseOnHover: true,pauseOnFocus: false,responsive: [\r\n\t\t\t\t\t\t\t{\r\n\t\t\t\t\t\t\t  breakpoint: 1026,\r\n\t\t\t\t\t\t\t  settings: {\r\n\t\t\t\t\t\t\t\tslidesToShow: 3,\r\n\t\t\t\t\t\t\t\tslidesToScroll: 3,  \r\n\t\t\t\t\t\t\t  }\r\n\t\t\t\t\t\t\t},\r\n\t\t\t\t\t\t\t{\r\n\t\t\t\t\t\t\t  breakpoint: 1025,\r\n\t\t\t\t\t\t\t  settings: {\r\n\t\t\t\t\t\t\t\tslidesToShow: 2,\r\n\t\t\t\t\t\t\t\tslidesToScroll: 2\r\n\t\t\t\t\t\t\t  }\r\n\t\t\t\t\t\t\t},\r\n\t\t\t\t\t\t\t{\r\n\t\t\t\t\t\t\t  breakpoint: 760,\r\n\t\t\t\t\t\t\t  settings: {\r\n\t\t\t\t\t\t\t\tslidesToShow: 1,\r\n\t\t\t\t\t\t\t\tslidesToScroll: 1\r\n\t\t\t\t\t\t\t  }\r\n\t\t\t\t\t\t\t}\r\n\t\t\t\t\t\t],pauseOnDotsHover: true,customPaging: function(slider, i) {\r\n                   return '<i type=\"button\" style= \"color:#333333;\" class=\"ultsl-record\" data-role=\"none\"><\/i>';\r\n                },});\r\n\t\t\t\t\t}\r\n\t\t\t\t});\r\n\t\t\t<\/script>\r\n\t\t\t[\/vc_column][\/vc_row][vc_section][\/vc_section]<\/p>\n","protected":false},"excerpt":{"rendered":"<p>[vc_section css=&#8221;.vc_custom_1524741136271{margin-top: -35px !important;}&#8221;][vc_row][vc_column][\/vc_column][\/vc_row][vc_row][vc_column][vc_row_inner][vc_column_inner width=&#8221;1\/6&#8243; offset=&#8221;vc_hidden-xs&#8221;][\/vc_column_inner][vc_column_inner width=&#8221;2\/3&#8243;][vc_custom_heading text=&#8221;Desde un concepto inicial hasta su aplicaci\u00f3n final, IMPRESOS &amp; CO ofrece una completa gama de servicios en publicidad, mercadeo y audiovisual profesional, acordes con cada una de las necesidades de nuestros clientes.&#8221; font_container=&#8221;tag:p|text_align:center&#8221; use_theme_fonts=&#8221;yes&#8221;][\/vc_column_inner][vc_column_inner width=&#8221;1\/6&#8243; offset=&#8221;vc_hidden-xs&#8221;][\/vc_column_inner][\/vc_row_inner][\/vc_column][\/vc_row][vc_row][vc_column offset=&#8221;vc_hidden-xs&#8221;][\/vc_column][\/vc_row][vc_row][vc_column][vc_row_inner][vc_column_inner el_class=&#8221;rs_col-sm-8&#8243; width=&#8221;1\/3&#8243; offset=&#8221;vc_col-lg-offset-0 vc_col-md-offset-0 vc_col-sm-offset-2&#8243;][vc_single_image image=&#8221;19134&#8243; img_size=&#8221;full&#8221; alignment=&#8221;center&#8221;][vc_custom_heading text=&#8221;AMBIENTACIONES DE [&hellip;]<\/p>\n","protected":false},"author":1,"featured_media":0,"parent":0,"menu_order":0,"comment_status":"closed","ping_status":"closed","template":"","meta":{"_joinchat":[]},"_links":{"self":[{"href":"https:\/\/www.impresosycomunicaciones.com\/v3\/wp-json\/wp\/v2\/pages\/8066"}],"collection":[{"href":"https:\/\/www.impresosycomunicaciones.com\/v3\/wp-json\/wp\/v2\/pages"}],"about":[{"href":"https:\/\/www.impresosycomunicaciones.com\/v3\/wp-json\/wp\/v2\/types\/page"}],"author":[{"embeddable":true,"href":"https:\/\/www.impresosycomunicaciones.com\/v3\/wp-json\/wp\/v2\/users\/1"}],"replies":[{"embeddable":true,"href":"https:\/\/www.impresosycomunicaciones.com\/v3\/wp-json\/wp\/v2\/comments?post=8066"}],"version-history":[{"count":15,"href":"https:\/\/www.impresosycomunicaciones.com\/v3\/wp-json\/wp\/v2\/pages\/8066\/revisions"}],"predecessor-version":[{"id":19147,"href":"https:\/\/www.impresosycomunicaciones.com\/v3\/wp-json\/wp\/v2\/pages\/8066\/revisions\/19147"}],"wp:attachment":[{"href":"https:\/\/www.impresosycomunicaciones.com\/v3\/wp-json\/wp\/v2\/media?parent=8066"}],"curies":[{"name":"wp","href":"https:\/\/api.w.org\/{rel}","templated":true}]}}